{"id":8736,"date":"2024-09-11T15:33:18","date_gmt":"2024-09-11T19:33:18","guid":{"rendered":"https:\/\/barcc.org\/sobre-barcc\/directions-to-barcc\/"},"modified":"2025-09-30T12:32:44","modified_gmt":"2025-09-30T16:32:44","slug":"directions-to-barcc","status":"publish","type":"page","link":"https:\/\/barcc.org\/es\/sobre-barcc\/directions-to-barcc\/","title":{"rendered":"Directions to BARCC"},"content":{"rendered":"<p><section class=\"fusion-fullwidth fullwidth-box fusion-builder-row-1 fusion-flex-container has-pattern-background has-mask-background fusion-parallax-none nonhundred-percent-fullwidth non-hundred-percent-height-scrolling page-hero overlay\" style=\"--awb-border-radius-top-left:0px;--awb-border-radius-top-right:0px;--awb-border-radius-bottom-right:0px;--awb-border-radius-bottom-left:0px;--awb-padding-top:245px;--awb-padding-bottom:50px;--awb-padding-top-medium:158px;--awb-padding-top-small:158px;--awb-padding-right-small:20px;--awb-padding-left-small:20px;--awb-margin-top:0px;--awb-min-height:630px;--awb-min-height-medium:530px;--awb-min-height-small:480px;--awb-background-image:linear-gradient(172deg, #271545B0 0%,#271545B0 100%),url(https:\/\/barcc.sitepreview.app\/wp-content\/uploads\/2024\/08\/About-Sexual-Violence-Bg-2-scaled.jpg);;--awb-background-size:cover;--awb-flex-wrap:wrap;\" ><div class=\"fusion-builder-row fusion-row fusion-flex-align-items-center fusion-flex-align-content-center fusion-flex-justify-content-center fusion-flex-content-wrap\" style=\"max-width:1185.6px;margin-left: calc(-4% \/ 2 );margin-right: calc(-4% \/ 2 );\"><div class=\"fusion-layout-column fusion_builder_column fusion-builder-column-0 fusion-flex-column\" style=\"--awb-bg-size:cover;--awb-width-large:740px;--awb-flex-shrink:1;--awb-margin-top-large:0px;--awb-spacing-right-large:2%;--awb-margin-bottom-large:0px;--awb-spacing-left-large:2%;--awb-width-medium:100%;--awb-order-medium:0;--awb-margin-top-medium:0px;--awb-spacing-right-medium:1.92%;--awb-spacing-left-medium:1.92%;--awb-width-small:100%;--awb-order-small:0;--awb-spacing-right-small:1.92%;--awb-spacing-left-small:1.92%;\" data-scroll-devices=\"small-visibility,medium-visibility,large-visibility\"><div class=\"fusion-column-wrapper fusion-column-has-shadow fusion-flex-justify-content-flex-start fusion-content-layout-column\"><div class=\"fusion-title title fusion-title-1 fusion-sep-none fusion-title-center fusion-title-text fusion-title-size-one\" style=\"--awb-text-color:var(--awb-custom_color_1);--awb-margin-top:0px;--awb-margin-bottom:13px;--awb-margin-top-small:0px;--awb-margin-right-small:0px;--awb-margin-bottom-small:13px;--awb-margin-left-small:0px;--awb-font-size:var(--awb-custom_typography_2-font-size);\"><h1 class=\"fusion-title-heading title-heading-center fusion-responsive-typography-calculated\" style=\"font-family:var(--awb-custom_typography_2-font-family);font-weight:var(--awb-custom_typography_2-font-weight);font-style:var(--awb-custom_typography_2-font-style);margin:0;letter-spacing:var(--awb-custom_typography_2-letter-spacing);text-transform:var(--awb-custom_typography_2-text-transform);font-size:1em;--fontSize:68;line-height:1.1;\"><span style=\"font-weight: 300;\">Directions<\/span><\/h1><\/div><div class=\"fusion-text fusion-text-1 fusion-text-no-margin\" style=\"--awb-content-alignment:center;--awb-font-size:24px;--awb-line-height:var(--awb-custom_typography_3-line-height);--awb-letter-spacing:var(--awb-custom_typography_3-letter-spacing);--awb-text-transform:var(--awb-custom_typography_3-text-transform);--awb-text-color:var(--awb-custom_color_1);--awb-margin-top:0px;--awb-margin-bottom:0px;--awb-text-font-family:var(--awb-custom_typography_3-font-family);--awb-text-font-weight:var(--awb-custom_typography_3-font-weight);--awb-text-font-style:var(--awb-custom_typography_3-font-style);\"><p style=\"text-align: center;\">As\u00ed que se dirige a una de las oficinas de BARCC para una cita, \u00a1aqu\u00ed le mostramos c\u00f3mo llegar!<\/p>\n<\/div><\/div><\/div><\/div><\/section><section class=\"fusion-fullwidth fullwidth-box fusion-builder-row-2 fusion-flex-container has-pattern-background has-mask-background nonhundred-percent-fullwidth non-hundred-percent-height-scrolling pillar-content-section\" style=\"--link_hover_color: var(--awb-color8);--link_color: var(--awb-color1);--awb-border-radius-top-left:0px;--awb-border-radius-top-right:0px;--awb-border-radius-bottom-right:0px;--awb-border-radius-bottom-left:0px;--awb-padding-top:100px;--awb-padding-bottom:100px;--awb-padding-top-medium:80px;--awb-padding-bottom-medium:80px;--awb-padding-top-small:60px;--awb-padding-right-small:20px;--awb-padding-bottom-small:60px;--awb-padding-left-small:20px;--awb-flex-wrap:wrap;\" ><div class=\"fusion-builder-row fusion-row fusion-flex-align-items-flex-start fusion-flex-justify-content-center fusion-flex-content-wrap\" style=\"max-width:1185.6px;margin-left: calc(-4% \/ 2 );margin-right: calc(-4% \/ 2 );\"><div class=\"fusion-layout-column fusion_builder_column fusion-builder-column-1 fusion_builder_column_5_6 5_6 fusion-flex-column\" style=\"--awb-padding-right-small:0px;--awb-bg-size:cover;--awb-width-large:83.333333333333%;--awb-margin-top-large:0px;--awb-spacing-right-large:24px;--awb-margin-bottom-large:0px;--awb-spacing-left-large:24px;--awb-width-medium:100%;--awb-order-medium:0;--awb-spacing-right-medium:24px;--awb-spacing-left-medium:24px;--awb-width-small:100%;--awb-order-small:0;--awb-spacing-right-small:1.92%;--awb-spacing-left-small:1.92%;\" data-scroll-devices=\"small-visibility,medium-visibility,large-visibility\"><div class=\"fusion-column-wrapper fusion-column-has-shadow fusion-flex-justify-content-flex-start fusion-content-layout-column\"><div class=\"fusion-title title fusion-title-2 fusion-sep-none fusion-title-text fusion-title-size-two\" style=\"--awb-text-color:var(--awb-color2);--awb-margin-top:30px;--awb-margin-bottom:18px;--awb-margin-top-small:30px;--awb-margin-right-small:0px;--awb-margin-bottom-small:18px;--awb-margin-left-small:0px;--awb-font-size:56px;\"><h2 class=\"fusion-title-heading title-heading-left fusion-responsive-typography-calculated\" style=\"font-family:var(--awb-custom_typography_8-font-family);font-weight:var(--awb-custom_typography_8-font-weight);font-style:var(--awb-custom_typography_8-font-style);margin:0;letter-spacing:var(--awb-custom_typography_8-letter-spacing);text-transform:var(--awb-custom_typography_8-text-transform);font-size:1em;--fontSize:56;line-height:1.1;\">C\u00f3mo llegar a nuestra oficina de Cambridge<\/h2><\/div><div class=\"fusion-text fusion-text-2\" style=\"--awb-font-size:var(--awb-typography4-font-size);--awb-line-height:var(--awb-typography4-line-height);--awb-letter-spacing:var(--awb-typography4-letter-spacing);--awb-text-transform:var(--awb-typography4-text-transform);--awb-text-font-family:var(--awb-typography4-font-family);--awb-text-font-weight:var(--awb-typography4-font-weight);--awb-text-font-style:var(--awb-typography4-font-style);\"><p>Nuestra oficina de Cambridge est\u00e1 ubicada en <a href=\"https:\/\/maps.app.goo.gl\/5Vz6qchYBtbFGnkB9\" target=\"_blank\" rel=\"noopener\">99 Bishop Allen Drive<\/a> , junto a la parada T de Central Square.<\/p>\n<p>Aqu\u00ed hay <a href=\"https:\/\/www.instagram.com\/reel\/C2uos1BuBdd\/?utm_source=ig_web_copy_link&amp;igsh=MzRlODBiNWFlZA%3D%3D\" target=\"_blank\" rel=\"noopener\">un video<\/a> que puede ayudarlo a navegar a nuestra oficina desde la T.<\/p>\n<p>El estacionamiento con parqu\u00edmetro est\u00e1 disponible en Bishop Allen Drive. Tambi\u00e9n hay un estacionamiento con parqu\u00edmetro de 2 horas directamente al otro lado de la calle de nuestro edificio de oficinas, y un estacionamiento con parqu\u00edmetro de 4 horas a unas cuadras m\u00e1s abajo (usando la direcci\u00f3n 38 Bishop Allen Drive lo pondr\u00e1 a la vista del estacionamiento de 4 horas). <\/p>\n<p>Cuando llegue, presione el bot\u00f3n \u00abDirectorio\u00bb en la pantalla. Elija BARCC y luego llame. Hablar\u00e1 con nuestra recepcionista, quien abrir\u00e1 la puerta.  <\/p>\n<p>Luego puede tomar las escaleras o el ascensor hasta el 2do piso donde se encuentra BARCC. Entra por la puerta y estar\u00e1s en nuestra oficina.<\/p>\n<\/div><div class=\"fusion-title title fusion-title-3 fusion-sep-none fusion-title-text fusion-title-size-two\" style=\"--awb-text-color:var(--awb-color2);--awb-margin-top:30px;--awb-margin-bottom:18px;--awb-margin-top-small:30px;--awb-margin-right-small:0px;--awb-margin-bottom-small:18px;--awb-margin-left-small:0px;--awb-font-size:56px;\"><h2 class=\"fusion-title-heading title-heading-left fusion-responsive-typography-calculated\" style=\"font-family:var(--awb-custom_typography_8-font-family);font-weight:var(--awb-custom_typography_8-font-weight);font-style:var(--awb-custom_typography_8-font-style);margin:0;letter-spacing:var(--awb-custom_typography_8-letter-spacing);text-transform:var(--awb-custom_typography_8-text-transform);font-size:1em;--fontSize:56;line-height:1.1;\">Indicaciones para llegar a nuestra oficina de Waltham<\/h2><\/div><div class=\"fusion-text fusion-text-3\" style=\"--awb-font-size:var(--awb-typography4-font-size);--awb-line-height:var(--awb-typography4-line-height);--awb-letter-spacing:var(--awb-typography4-letter-spacing);--awb-text-transform:var(--awb-typography4-text-transform);--awb-text-font-family:var(--awb-typography4-font-family);--awb-text-font-weight:var(--awb-typography4-font-weight);--awb-text-font-style:var(--awb-typography4-font-style);\"><p>Nuestra oficina de Waltham est\u00e1 ubicada en <a href=\"https:\/\/maps.app.goo.gl\/JW2PiDBk7t6w89ZVA\" target=\"_blank\" rel=\"noopener\">21 Crescent Street<\/a>. Si utilizas el transporte p\u00fablico, nuestra oficina est\u00e1 a pocos pasos de las paradas de autob\u00fas 553, 554 o 70. <\/p>\n<p>Si est\u00e1 conduciendo, hay estacionamiento p\u00fablico con parqu\u00edmetro en el estacionamiento de Crescent Street justo al final de la calle de nuestra oficina.<\/p>\n<p>Cuando ingrese al edificio, dir\u00edjase directamente. La oficina de BARCC est\u00e1 ubicada en la Suite 202. Una vez que llegue, ll\u00e1menos al 617-492-8306. Hablar\u00e1s con un miembro del personal que abrir\u00e1 la puerta y te dejar\u00e1 entrar.<\/p>\n<\/div><div class=\"fusion-title title fusion-title-4 fusion-sep-none fusion-title-text fusion-title-size-two\" style=\"--awb-text-color:var(--awb-color2);--awb-margin-top:30px;--awb-margin-bottom:18px;--awb-margin-top-small:30px;--awb-margin-right-small:0px;--awb-margin-bottom-small:18px;--awb-margin-left-small:0px;--awb-font-size:56px;\"><h2 class=\"fusion-title-heading title-heading-left fusion-responsive-typography-calculated\" style=\"font-family:var(--awb-custom_typography_8-font-family);font-weight:var(--awb-custom_typography_8-font-weight);font-style:var(--awb-custom_typography_8-font-style);margin:0;letter-spacing:var(--awb-custom_typography_8-letter-spacing);text-transform:var(--awb-custom_typography_8-text-transform);font-size:1em;--fontSize:56;line-height:1.1;\">Accesibilidad<\/h2><\/div><div class=\"fusion-text fusion-text-4\" style=\"--awb-font-size:var(--awb-typography4-font-size);--awb-line-height:var(--awb-typography4-line-height);--awb-letter-spacing:var(--awb-typography4-letter-spacing);--awb-text-transform:var(--awb-typography4-text-transform);--awb-text-font-family:var(--awb-typography4-font-family);--awb-text-font-weight:var(--awb-typography4-font-weight);--awb-text-font-style:var(--awb-typography4-font-style);\"><p>Para problemas urgentes de acceso al edificio (por ejemplo, nieve en la acera, hielo en la rampa), llame a nuestra oficina al 617-492-8306 y pregunte por alguien en Operaciones. Si est\u00e1 recibiendo servicios en BARCC y necesita informaci\u00f3n de accesibilidad m\u00e1s detallada, llame y solicite un coordinador de acceso a servicios al cliente. <\/p>\n<h3><strong>Acceso al edificio de oficinas<\/strong><\/h3>\n<p>Nuestra oficina de Cambridge tiene accesibilidad limitada para personas con un dispositivo de movilidad con ruedas. Tiene una rampa y un peque\u00f1o ascensor que se adapta a la mayor\u00eda de los dispositivos de movilidad y cochecitos. No hay abridor autom\u00e1tico de puertas. H\u00e1ganos saber si necesita ayuda con la puerta y podemos hacer arreglos para que alguien lo re\u00fana.   <\/p>\n<h3><strong>Dimensiones del ascensor de oficina Cambridge:<\/strong><\/h3>\n<p>El ancho de la puerta es de 31.5 pulgadas.<br \/>\nDentro del ascensor mide 56.25 por 42.5 pulgadas.<br \/>\nEl bot\u00f3n del segundo piso est\u00e1 a 53 pulgadas del piso.<\/p>\n<p>Nuestra oficina de Waltham es totalmente accesible. Una rampa y una puerta autom\u00e1tica est\u00e1n disponibles para su uso. <\/p>\n<h3><strong>Animales de servicio<\/strong><\/h3>\n<p>Damos la bienvenida a los animales de servicio.<\/p>\n<h3><strong>Acceso para personas sordas y con problemas de audici\u00f3n<\/strong><\/h3>\n<p>Las personas con discapacidades auditivas pueden usar el servicio de retransmisi\u00f3n masiva para comunicarse con nosotros: Marque 711 en Massachusetts o 800-439-0183 desde cualquier lugar. Los usuarios de TTY deben marcar 800-439-2370. Pida que lo conecten con el n\u00famero de nuestra oficina (617-492-8306) o la l\u00ednea directa (800-841-8371). Tambi\u00e9n puede comunicarse con nuestra l\u00ednea directa a trav\u00e9s del chat web de 9:00 a.m. a 11:00 p.m.<\/p>\n<\/div><\/div><\/div><\/div><\/section><section class=\"fusion-fullwidth fullwidth-box fusion-builder-row-3 fusion-flex-container has-pattern-background has-mask-background nonhundred-percent-fullwidth non-hundred-percent-height-scrolling section-4col-card\" style=\"--link_hover_color: var(--awb-color8);--link_color: var(--awb-color1);--awb-border-radius-top-left:0px;--awb-border-radius-top-right:0px;--awb-border-radius-bottom-right:0px;--awb-border-radius-bottom-left:0px;--awb-padding-top:101px;--awb-padding-bottom:105px;--awb-padding-top-medium:80px;--awb-padding-bottom-medium:80px;--awb-padding-top-small:60px;--awb-padding-bottom-small:60px;--awb-background-color:#e9e6f9;--awb-flex-wrap:wrap;\" ><\/section>\n<\/p>\n","protected":false},"excerpt":{"rendered":"","protected":false},"author":11,"featured_media":0,"parent":7351,"menu_order":0,"comment_status":"closed","ping_status":"closed","template":"100-width.php","meta":{"_acf_changed":false,"footnotes":""},"class_list":["post-8736","page","type-page","status-publish","hentry"],"acf":[],"_links":{"self":[{"href":"https:\/\/barcc.org\/es\/wp-json\/wp\/v2\/pages\/8736","targetHints":{"allow":["GET"]}}],"collection":[{"href":"https:\/\/barcc.org\/es\/wp-json\/wp\/v2\/pages"}],"about":[{"href":"https:\/\/barcc.org\/es\/wp-json\/wp\/v2\/types\/page"}],"author":[{"embeddable":true,"href":"https:\/\/barcc.org\/es\/wp-json\/wp\/v2\/users\/11"}],"replies":[{"embeddable":true,"href":"https:\/\/barcc.org\/es\/wp-json\/wp\/v2\/comments?post=8736"}],"version-history":[{"count":2,"href":"https:\/\/barcc.org\/es\/wp-json\/wp\/v2\/pages\/8736\/revisions"}],"predecessor-version":[{"id":8738,"href":"https:\/\/barcc.org\/es\/wp-json\/wp\/v2\/pages\/8736\/revisions\/8738"}],"up":[{"embeddable":true,"href":"https:\/\/barcc.org\/es\/wp-json\/wp\/v2\/pages\/7351"}],"wp:attachment":[{"href":"https:\/\/barcc.org\/es\/wp-json\/wp\/v2\/media?parent=8736"}],"curies":[{"name":"wp","href":"https:\/\/api.w.org\/{rel}","templated":true}]}}