{"id":7426,"date":"2024-09-07T11:00:30","date_gmt":"2024-09-07T11:00:30","guid":{"rendered":"https:\/\/barcc.org\/?page_id=7426"},"modified":"2024-10-23T08:33:55","modified_gmt":"2024-10-23T08:33:55","slug":"terapia","status":"publish","type":"page","link":"https:\/\/barcc.org\/es\/get-help\/terapia\/","title":{"rendered":"Terapia"},"content":{"rendered":"<p><section class=\"fusion-fullwidth fullwidth-box fusion-builder-row-1 fusion-flex-container has-pattern-background has-mask-background fusion-parallax-none nonhundred-percent-fullwidth non-hundred-percent-height-scrolling page-hero overlay\" style=\"--awb-border-radius-top-left:0px;--awb-border-radius-top-right:0px;--awb-border-radius-bottom-right:0px;--awb-border-radius-bottom-left:0px;--awb-padding-top:245px;--awb-padding-bottom:50px;--awb-padding-top-medium:158px;--awb-padding-top-small:158px;--awb-padding-right-small:20px;--awb-padding-left-small:20px;--awb-margin-top:0px;--awb-min-height:630px;--awb-min-height-medium:530px;--awb-min-height-small:480px;--awb-background-image:linear-gradient(172deg, #271545B0 0%,#271545B0 100%),url(https:\/\/barcc.sitepreview.app\/wp-content\/uploads\/2024\/09\/Get-Help.jpg);;--awb-background-size:cover;--awb-flex-wrap:wrap;\" ><div class=\"fusion-builder-row fusion-row fusion-flex-align-items-center fusion-flex-align-content-center fusion-flex-justify-content-center fusion-flex-content-wrap\" style=\"max-width:1185.6px;margin-left: calc(-4% \/ 2 );margin-right: calc(-4% \/ 2 );\"><div class=\"fusion-layout-column fusion_builder_column fusion-builder-column-0 fusion-flex-column\" style=\"--awb-bg-size:cover;--awb-width-large:740px;--awb-flex-shrink:1;--awb-margin-top-large:0px;--awb-spacing-right-large:2%;--awb-margin-bottom-large:0px;--awb-spacing-left-large:2%;--awb-width-medium:100%;--awb-order-medium:0;--awb-margin-top-medium:0px;--awb-spacing-right-medium:1.92%;--awb-spacing-left-medium:1.92%;--awb-width-small:100%;--awb-order-small:0;--awb-spacing-right-small:1.92%;--awb-spacing-left-small:1.92%;\" data-scroll-devices=\"small-visibility,medium-visibility,large-visibility\"><div class=\"fusion-column-wrapper fusion-column-has-shadow fusion-flex-justify-content-flex-start fusion-content-layout-column\"><div class=\"fusion-title title fusion-title-1 fusion-sep-none fusion-title-center fusion-title-text fusion-title-size-one\" style=\"--awb-text-color:var(--awb-custom_color_1);--awb-margin-top:0px;--awb-margin-bottom:13px;--awb-margin-top-small:0px;--awb-margin-right-small:0px;--awb-margin-bottom-small:13px;--awb-margin-left-small:0px;--awb-font-size:var(--awb-custom_typography_2-font-size);\"><h1 class=\"fusion-title-heading title-heading-center fusion-responsive-typography-calculated\" style=\"font-family:var(--awb-custom_typography_2-font-family);font-weight:var(--awb-custom_typography_2-font-weight);font-style:var(--awb-custom_typography_2-font-style);margin:0;letter-spacing:var(--awb-custom_typography_2-letter-spacing);text-transform:var(--awb-custom_typography_2-text-transform);font-size:1em;--fontSize:68;line-height:1.1;\">Terapia: Encuentra tu camino hacia la sanaci\u00f3n<\/h1><\/div><div class=\"fusion-text fusion-text-1 fusion-text-no-margin\" style=\"--awb-content-alignment:center;--awb-font-size:24px;--awb-line-height:var(--awb-custom_typography_3-line-height);--awb-letter-spacing:var(--awb-custom_typography_3-letter-spacing);--awb-text-transform:var(--awb-custom_typography_3-text-transform);--awb-text-color:var(--awb-custom_color_1);--awb-margin-top:0px;--awb-margin-bottom:0px;--awb-text-font-family:var(--awb-custom_typography_3-font-family);--awb-text-font-weight:var(--awb-custom_typography_3-font-weight);--awb-text-font-style:var(--awb-custom_typography_3-font-style);\"><p style=\"text-align: center;\">\u201cMi terapeuta estuvo ah\u00ed para m\u00ed cuando nadie a mi alrededor entend\u00eda por lo que estaba pasando\u201d<\/p>\n<\/div><\/div><\/div><\/div><\/section><section class=\"fusion-fullwidth fullwidth-box fusion-builder-row-2 fusion-flex-container has-pattern-background has-mask-background nonhundred-percent-fullwidth non-hundred-percent-height-scrolling pillar-content-section\" style=\"--awb-border-radius-top-left:0px;--awb-border-radius-top-right:0px;--awb-border-radius-bottom-right:0px;--awb-border-radius-bottom-left:0px;--awb-padding-top:100px;--awb-padding-bottom:100px;--awb-padding-top-medium:80px;--awb-padding-bottom-medium:80px;--awb-padding-top-small:60px;--awb-padding-right-small:20px;--awb-padding-bottom-small:60px;--awb-padding-left-small:20px;--awb-flex-wrap:wrap;\" ><div class=\"fusion-builder-row fusion-row fusion-flex-align-items-flex-start fusion-flex-justify-content-center fusion-flex-content-wrap\" style=\"max-width:1185.6px;margin-left: calc(-4% \/ 2 );margin-right: calc(-4% \/ 2 );\"><div class=\"fusion-layout-column fusion_builder_column fusion-builder-column-1 fusion_builder_column_5_6 5_6 fusion-flex-column\" style=\"--awb-padding-right-small:0px;--awb-bg-size:cover;--awb-width-large:83.333333333333%;--awb-margin-top-large:0px;--awb-spacing-right-large:24px;--awb-margin-bottom-large:0px;--awb-spacing-left-large:24px;--awb-width-medium:100%;--awb-order-medium:0;--awb-spacing-right-medium:24px;--awb-spacing-left-medium:24px;--awb-width-small:100%;--awb-order-small:0;--awb-spacing-right-small:1.92%;--awb-spacing-left-small:1.92%;\" data-scroll-devices=\"small-visibility,medium-visibility,large-visibility\"><div class=\"fusion-column-wrapper fusion-column-has-shadow fusion-flex-justify-content-flex-start fusion-content-layout-column\"><div class=\"fusion-video fusion-vimeo\" style=\"--awb-max-width:600px;--awb-max-height:360px;--awb-align-self:center;--awb-width:100%;--awb-margin-top:0px;--awb-margin-bottom:24px;\"><div class=\"video-shortcode\"><div class=\"fluid-width-video-wrapper\" style=\"padding-top:60%;\" ><iframe title=\"Vimeo video player 1\" src=\"https:\/\/player.vimeo.com\/video\/24902172?autoplay=0&amp;autopause=0\" width=\"600\" height=\"360\" allowfullscreen allow=\"autoplay; fullscreen\"><\/iframe><\/div><\/div><\/div><div class=\"fusion-text fusion-text-2\" style=\"--awb-font-size:var(--awb-typography4-font-size);--awb-line-height:var(--awb-typography4-line-height);--awb-letter-spacing:var(--awb-typography4-letter-spacing);--awb-text-transform:var(--awb-typography4-text-transform);--awb-text-font-family:var(--awb-typography4-font-family);--awb-text-font-weight:var(--awb-typography4-font-weight);--awb-text-font-style:var(--awb-typography4-font-style);\"><p>Brindamos terapia de corto plazo, centrado en el trauma sexual, individual, de pareja, familiar y grupal con m\u00e9dicos autorizados y consejeros capacitados para sobrevivientes de violencia sexual y sus familias y amigos. Trabajamos con los sobrevivientes y sus seres queridos para encontrar sus fortalezas, comprender el impacto del trauma en sus vidas, desarrollar y usar habilidades de afrontamiento y explorar formas de sanar y prosperar. Nuestros servicios de consejer\u00eda son gratuitos y confidenciales para personas mayores de 12 a\u00f1os. Todos los servicios de consejer\u00eda est\u00e1n disponibles en ingl\u00e9s, espa\u00f1ol y portugu\u00e9s, con otros idiomas, incluido el ASL, disponibles con previo aviso. Se proporcionar\u00e1n adaptaciones razonables.<\/p>\n<\/div><div class=\"fusion-title title fusion-title-2 fusion-sep-none fusion-title-text fusion-title-size-two\" style=\"--awb-text-color:var(--awb-color2);--awb-margin-top:30px;--awb-margin-bottom:18px;--awb-margin-top-small:30px;--awb-margin-right-small:0px;--awb-margin-bottom-small:18px;--awb-margin-left-small:0px;--awb-font-size:56px;\"><h2 class=\"fusion-title-heading title-heading-left fusion-responsive-typography-calculated\" style=\"font-family:var(--awb-custom_typography_8-font-family);font-weight:var(--awb-custom_typography_8-font-weight);font-style:var(--awb-custom_typography_8-font-style);margin:0;letter-spacing:var(--awb-custom_typography_8-letter-spacing);text-transform:var(--awb-custom_typography_8-text-transform);font-size:1em;--fontSize:56;line-height:1.1;\">Lo que un terapeuta puede hacer por usted<\/h2><\/div><div class=\"fusion-text fusion-text-3\" style=\"--awb-font-size:var(--awb-typography4-font-size);--awb-line-height:var(--awb-typography4-line-height);--awb-letter-spacing:var(--awb-typography4-letter-spacing);--awb-text-transform:var(--awb-typography4-text-transform);--awb-text-font-family:var(--awb-typography4-font-family);--awb-text-font-weight:var(--awb-typography4-font-weight);--awb-text-font-style:var(--awb-typography4-font-style);\"><p>Si has sufrido violencia sexual, no est\u00e1s sola. Muchas personas sienten los efectos, de vez en cuando, durante mucho tiempo. La terapia puede ayudarte a encontrar tu camino hacia la curaci\u00f3n, ya sea que tu trauma sexual haya ocurrido recientemente o en el pasado. Puede venir a hablar con un terapeuta una vez o trabajar con \u00e9l como terapeuta a lo largo del tiempo.<\/p>\n<\/div><div class=\"fusion-title title fusion-title-3 fusion-sep-none fusion-title-text fusion-title-size-two\" style=\"--awb-text-color:var(--awb-color2);--awb-margin-top:30px;--awb-margin-bottom:18px;--awb-margin-top-small:30px;--awb-margin-right-small:0px;--awb-margin-bottom-small:18px;--awb-margin-left-small:0px;--awb-font-size:56px;\"><h2 class=\"fusion-title-heading title-heading-left fusion-responsive-typography-calculated\" style=\"font-family:var(--awb-custom_typography_8-font-family);font-weight:var(--awb-custom_typography_8-font-weight);font-style:var(--awb-custom_typography_8-font-style);margin:0;letter-spacing:var(--awb-custom_typography_8-letter-spacing);text-transform:var(--awb-custom_typography_8-text-transform);font-size:1em;--fontSize:56;line-height:1.1;\">\u00bfQu\u00e9 servicios ofrecen los terapeutas?<\/h2><\/div><div class=\"fusion-text fusion-text-4\" style=\"--awb-font-size:var(--awb-typography4-font-size);--awb-line-height:var(--awb-typography4-line-height);--awb-letter-spacing:var(--awb-typography4-letter-spacing);--awb-text-transform:var(--awb-typography4-text-transform);--awb-text-font-family:var(--awb-typography4-font-family);--awb-text-font-weight:var(--awb-typography4-font-weight);--awb-text-font-style:var(--awb-typography4-font-style);\"><ul>\n<li>Terapia individual para sobrevivientes<\/li>\n<li>Terapia individual para amigos, parejas y familiares de sobrevivientes (queremos que usted reciba apoyo para que pueda apoyar mejor a la persona que le importa)<\/li>\n<li>Terapia de pareja para sobrevivientes y sus parejas<\/li>\n<li>Terapia familiar para familias afectadas por la violencia sexual<\/li>\n<li><a href=\"\/es\/get-help\/grupos-de-apoyo-y-talleres\/\">Grupos de terapia<\/a> para sobrevivientes y sus familias, parejas, amigos, etc.<\/li>\n<li>Consulta para profesionales<\/li>\n<\/ul>\n<\/div><div class=\"fusion-title title fusion-title-4 fusion-sep-none fusion-title-text fusion-title-size-two\" style=\"--awb-text-color:var(--awb-color2);--awb-margin-top:30px;--awb-margin-bottom:18px;--awb-margin-top-small:30px;--awb-margin-right-small:0px;--awb-margin-bottom-small:18px;--awb-margin-left-small:0px;--awb-font-size:56px;\"><h2 class=\"fusion-title-heading title-heading-left fusion-responsive-typography-calculated\" style=\"font-family:var(--awb-custom_typography_8-font-family);font-weight:var(--awb-custom_typography_8-font-weight);font-style:var(--awb-custom_typography_8-font-style);margin:0;letter-spacing:var(--awb-custom_typography_8-letter-spacing);text-transform:var(--awb-custom_typography_8-text-transform);font-size:1em;--fontSize:56;line-height:1.1;\">\u00bfQui\u00e9nes son los terapeutas de BARCC?<\/h2><\/div><div class=\"fusion-text fusion-text-5\" style=\"--awb-font-size:var(--awb-typography4-font-size);--awb-line-height:var(--awb-typography4-line-height);--awb-letter-spacing:var(--awb-typography4-letter-spacing);--awb-text-transform:var(--awb-typography4-text-transform);--awb-text-font-family:var(--awb-typography4-font-family);--awb-text-font-weight:var(--awb-typography4-font-weight);--awb-text-font-style:var(--awb-typography4-font-style);\"><p>Todos nuestros terapeutas est\u00e1n capacitados en crisis por violaci\u00f3n y son terapeutas profesionales. Los terapeutas de BARCC son de gran ayuda para los sobrevivientes porque est\u00e1n especialmente capacitados en trauma sexual y tienen una comprensi\u00f3n profunda y matizada de la din\u00e1mica de la violencia sexual y sus impactos en los sobrevivientes. Trabajan con cientos de clientes en miles de sesiones cada a\u00f1o. Los terapeutas experimentados y sin prejuicios entienden que usted sabe lo que es mejor para usted y lo ayudan a trabajar para alcanzar sus metas.<\/p>\n<\/div><\/div><\/div><\/div><\/section><section class=\"fusion-fullwidth fullwidth-box fusion-builder-row-3 fusion-flex-container has-pattern-background has-mask-background nonhundred-percent-fullwidth non-hundred-percent-height-scrolling section-4col-card\" style=\"--link_hover_color: var(--awb-color8);--link_color: var(--awb-color1);--awb-border-radius-top-left:0px;--awb-border-radius-top-right:0px;--awb-border-radius-bottom-right:0px;--awb-border-radius-bottom-left:0px;--awb-padding-top:101px;--awb-padding-bottom:105px;--awb-padding-top-medium:80px;--awb-padding-bottom-medium:80px;--awb-padding-top-small:60px;--awb-padding-bottom-small:60px;--awb-background-color:#e9e6f9;--awb-flex-wrap:wrap;\" ><\/section>\n<\/p>\n","protected":false},"excerpt":{"rendered":"","protected":false},"author":11,"featured_media":0,"parent":7410,"menu_order":0,"comment_status":"closed","ping_status":"closed","template":"100-width.php","meta":{"_acf_changed":false,"footnotes":""},"class_list":["post-7426","page","type-page","status-publish","hentry"],"acf":[],"_links":{"self":[{"href":"https:\/\/barcc.org\/es\/wp-json\/wp\/v2\/pages\/7426","targetHints":{"allow":["GET"]}}],"collection":[{"href":"https:\/\/barcc.org\/es\/wp-json\/wp\/v2\/pages"}],"about":[{"href":"https:\/\/barcc.org\/es\/wp-json\/wp\/v2\/types\/page"}],"author":[{"embeddable":true,"href":"https:\/\/barcc.org\/es\/wp-json\/wp\/v2\/users\/11"}],"replies":[{"embeddable":true,"href":"https:\/\/barcc.org\/es\/wp-json\/wp\/v2\/comments?post=7426"}],"version-history":[{"count":0,"href":"https:\/\/barcc.org\/es\/wp-json\/wp\/v2\/pages\/7426\/revisions"}],"up":[{"embeddable":true,"href":"https:\/\/barcc.org\/es\/wp-json\/wp\/v2\/pages\/7410"}],"wp:attachment":[{"href":"https:\/\/barcc.org\/es\/wp-json\/wp\/v2\/media?parent=7426"}],"curies":[{"name":"wp","href":"https:\/\/api.w.org\/{rel}","templated":true}]}}